{"id":8,"date":"2018-12-17T17:26:06","date_gmt":"2018-12-17T16:26:06","guid":{"rendered":"http:\/\/www.fornabera.fr\/?page_id=8"},"modified":"2021-09-29T10:16:29","modified_gmt":"2021-09-29T08:16:29","slug":"a-propos-de","status":"publish","type":"page","link":"https:\/\/www.fornabera.fr\/index.php\/a-propos-de\/","title":{"rendered":"La Brasserie"},"content":{"rendered":"\n<div class=\"wp-block-image\"><figure class=\"aligncenter size-large is-resized\"><img decoding=\"async\" loading=\"lazy\" src=\"https:\/\/www.fornabera.fr\/wp-content\/uploads\/2021\/02\/PANO_20200423_164025-1024x478.jpg\" alt=\"Photo Fr\u00e9d\u00e9ric JULI\u00c9\" class=\"wp-image-132\" width=\"740\" height=\"346\" srcset=\"https:\/\/www.fornabera.fr\/wp-content\/uploads\/2021\/02\/PANO_20200423_164025-1024x478.jpg 1024w, https:\/\/www.fornabera.fr\/wp-content\/uploads\/2021\/02\/PANO_20200423_164025-300x140.jpg 300w, https:\/\/www.fornabera.fr\/wp-content\/uploads\/2021\/02\/PANO_20200423_164025-768x358.jpg 768w, https:\/\/www.fornabera.fr\/wp-content\/uploads\/2021\/02\/PANO_20200423_164025.jpg 1303w\" sizes=\"(max-width: 740px) 100vw, 740px\" \/><\/figure><\/div>\n\n\n\n<div class=\"wp-block-image is-style-default\"><figure class=\"aligncenter size-large is-resized\"><img decoding=\"async\" loading=\"lazy\" src=\"https:\/\/www.fornabera.fr\/wp-content\/uploads\/2021\/09\/photo-fred-brasserie.jpg\" alt=\"Photo Fr\u00e9d\u00e9ric JULI\u00c9\ncr\u00e9dit photo: Sarah Douvizy\" class=\"wp-image-187\" width=\"378\" height=\"475\" srcset=\"https:\/\/www.fornabera.fr\/wp-content\/uploads\/2021\/09\/photo-fred-brasserie.jpg 720w, https:\/\/www.fornabera.fr\/wp-content\/uploads\/2021\/09\/photo-fred-brasserie-239x300.jpg 239w\" sizes=\"(max-width: 378px) 100vw, 378px\" \/><figcaption>cr\u00e9dit photo : Sarah Douvizy<\/figcaption><\/figure><\/div>\n\n\n\n<p><\/p>\n","protected":false},"excerpt":{"rendered":"","protected":false},"author":1,"featured_media":0,"parent":0,"menu_order":3,"comment_status":"closed","ping_status":"closed","template":"","meta":[],"_links":{"self":[{"href":"https:\/\/www.fornabera.fr\/index.php\/wp-json\/wp\/v2\/pages\/8"}],"collection":[{"href":"https:\/\/www.fornabera.fr\/index.php\/wp-json\/wp\/v2\/pages"}],"about":[{"href":"https:\/\/www.fornabera.fr\/index.php\/wp-json\/wp\/v2\/types\/page"}],"author":[{"embeddable":true,"href":"https:\/\/www.fornabera.fr\/index.php\/wp-json\/wp\/v2\/users\/1"}],"replies":[{"embeddable":true,"href":"https:\/\/www.fornabera.fr\/index.php\/wp-json\/wp\/v2\/comments?post=8"}],"version-history":[{"count":8,"href":"https:\/\/www.fornabera.fr\/index.php\/wp-json\/wp\/v2\/pages\/8\/revisions"}],"predecessor-version":[{"id":192,"href":"https:\/\/www.fornabera.fr\/index.php\/wp-json\/wp\/v2\/pages\/8\/revisions\/192"}],"wp:attachment":[{"href":"https:\/\/www.fornabera.fr\/index.php\/wp-json\/wp\/v2\/media?parent=8"}],"curies":[{"name":"wp","href":"https:\/\/api.w.org\/{rel}","templated":true}]}}