{"id":7,"date":"2018-12-17T17:26:06","date_gmt":"2018-12-17T16:26:06","guid":{"rendered":"http:\/\/www.fornabera.fr\/?page_id=7"},"modified":"2023-09-14T11:52:09","modified_gmt":"2023-09-14T09:52:09","slug":"accueil","status":"publish","type":"page","link":"https:\/\/www.fornabera.fr\/","title":{"rendered":""},"content":{"rendered":"<h4 style=\"text-align: center;\">La brasserie produit sur place des bi\u00e8res et limonades artisanales \u00e0 l&rsquo;eau de source. Nos bi\u00e8res sont brass\u00e9es \u00e0 partir de c\u00e9r\u00e9ales malt\u00e9es artisanalement en Auvergne, ne sont ni filtr\u00e9es ni pasteuris\u00e9es.<\/h4>\n<h4 style=\"text-align: center;\">Nous proposons nos bi\u00e8res et limonade en bouteilles de 33cl et 75cl, ainsi qu&rsquo;en f\u00fbts de 20 et 30L.<\/h4>\n<h4 style=\"text-align: center;\">N&rsquo;h\u00e9sitez pas \u00e0 nous contacter pour vos manifestations, nous pouvons vous mettre des tireuses \u00e0 disposition!<\/h4>\n<p>\u00a0<\/p>\n<h3 style=\"text-align: center;\"><span style=\"color: #ff0000;\"><img decoding=\"async\" loading=\"lazy\" class=\"aligncenter wp-image-108\" src=\"https:\/\/www.fornabera.fr\/wp-content\/uploads\/2019\/09\/IMG_20190503_131317-300x225.jpg\" alt=\"Gamme bi\u00e8res et limonades bio - Brasserie FORNABERA\" width=\"423\" height=\"317\" srcset=\"https:\/\/www.fornabera.fr\/wp-content\/uploads\/2019\/09\/IMG_20190503_131317-300x225.jpg 300w, https:\/\/www.fornabera.fr\/wp-content\/uploads\/2019\/09\/IMG_20190503_131317-768x576.jpg 768w, https:\/\/www.fornabera.fr\/wp-content\/uploads\/2019\/09\/IMG_20190503_131317-1024x768.jpg 1024w, https:\/\/www.fornabera.fr\/wp-content\/uploads\/2019\/09\/IMG_20190503_131317-120x90.jpg 120w\" sizes=\"(max-width: 423px) 100vw, 423px\" \/><\/span><\/h3>\n<p><span style=\"color: #ff0000;\">\u00a0<\/span><\/p>\n<h3 style=\"text-align: center;\"><strong>R<\/strong><strong>etrouvez-nous aussi sur<\/strong> <a href=\"https:\/\/www.facebook.com\/BrasserieFornabera\" target=\"_blank\" rel=\"noopener\">Facebook<\/a> et <a href=\"https:\/\/www.instagram.com\/fornabera_\/\"><span style=\"color: #ff6600;\">Instagram<\/span><\/a><\/h3>\n\n\n<p><\/p>\n\n\n\n<p><\/p>\n\n\n\n<p class=\"has-text-align-center has-white-color has-text-color\">.<\/p>\n\n\n\n<p class=\"has-text-align-center has-white-color has-text-color\">.<\/p>\n\n\n\n<p class=\"has-text-align-center\"><br><sub>SARL Brasserie FORNABERA au capital de 5000\u20ac &#8211; N\u00b0 TVA Intracommunautaire FR04840289334<\/sub><\/p>\n","protected":false},"excerpt":{"rendered":"<p>La brasserie produit sur place des bi\u00e8res et limonades artisanales \u00e0 l&rsquo;eau de source. Nos bi\u00e8res sont brass\u00e9es \u00e0 partir de c\u00e9r\u00e9ales malt\u00e9es artisanalement en Auvergne, ne sont ni filtr\u00e9es ni pasteuris\u00e9es. Nous proposons nos bi\u00e8res et limonade en bouteilles de 33cl et 75cl, ainsi qu&rsquo;en f\u00fbts de 20 et 30L. N&rsquo;h\u00e9sitez pas \u00e0 nous&hellip;<\/p>\n","protected":false},"author":1,"featured_media":0,"parent":0,"menu_order":0,"comment_status":"closed","ping_status":"closed","template":"","meta":[],"_links":{"self":[{"href":"https:\/\/www.fornabera.fr\/index.php\/wp-json\/wp\/v2\/pages\/7"}],"collection":[{"href":"https:\/\/www.fornabera.fr\/index.php\/wp-json\/wp\/v2\/pages"}],"about":[{"href":"https:\/\/www.fornabera.fr\/index.php\/wp-json\/wp\/v2\/types\/page"}],"author":[{"embeddable":true,"href":"https:\/\/www.fornabera.fr\/index.php\/wp-json\/wp\/v2\/users\/1"}],"replies":[{"embeddable":true,"href":"https:\/\/www.fornabera.fr\/index.php\/wp-json\/wp\/v2\/comments?post=7"}],"version-history":[{"count":31,"href":"https:\/\/www.fornabera.fr\/index.php\/wp-json\/wp\/v2\/pages\/7\/revisions"}],"predecessor-version":[{"id":223,"href":"https:\/\/www.fornabera.fr\/index.php\/wp-json\/wp\/v2\/pages\/7\/revisions\/223"}],"wp:attachment":[{"href":"https:\/\/www.fornabera.fr\/index.php\/wp-json\/wp\/v2\/media?parent=7"}],"curies":[{"name":"wp","href":"https:\/\/api.w.org\/{rel}","templated":true}]}}