{"id":10,"date":"2018-12-17T17:26:06","date_gmt":"2018-12-17T16:26:06","guid":{"rendered":"http:\/\/www.fornabera.fr\/?page_id=10"},"modified":"2025-10-13T23:47:32","modified_gmt":"2025-10-13T21:47:32","slug":"blog","status":"publish","type":"page","link":"https:\/\/www.fornabera.fr\/index.php\/blog\/","title":{"rendered":"Les Bi\u00e8res"},"content":{"rendered":"<p><a href=\"https:\/\/www.fornabera.fr\/wp-content\/uploads\/2019\/09\/Etiquette-Bi\u00e8re-Bio-La-Brindille.png\" target=\"_blank\" rel=\"noopener\"><img decoding=\"async\" loading=\"lazy\" class=\"alignleft wp-image-92 size-medium\" title=\"\u00c9tiquette Bi\u00e8re Bio &quot;La Brindille&quot;\" src=\"https:\/\/www.fornabera.fr\/wp-content\/uploads\/2019\/09\/Etiquette-Bi\u00e8re-Bio-La-Brindille-300x150.png\" alt=\"\u00c9tiquette Bi\u00e8re Bio &quot;La Brindille&quot;\" width=\"300\" height=\"150\" srcset=\"https:\/\/www.fornabera.fr\/wp-content\/uploads\/2019\/09\/Etiquette-Bi\u00e8re-Bio-La-Brindille-300x150.png 300w, https:\/\/www.fornabera.fr\/wp-content\/uploads\/2019\/09\/Etiquette-Bi\u00e8re-Bio-La-Brindille-768x384.png 768w, https:\/\/www.fornabera.fr\/wp-content\/uploads\/2019\/09\/Etiquette-Bi\u00e8re-Bio-La-Brindille.png 969w\" sizes=\"(max-width: 300px) 100vw, 300px\" \/><\/a><\/p>\n<p>La Br<a href=\"https:\/\/bierissima.com\/\" target=\"_blank\" rel=\"noopener\"><img decoding=\"async\" loading=\"lazy\" class=\" wp-image-152 alignright\" src=\"https:\/\/www.fornabera.fr\/wp-content\/uploads\/2021\/02\/Image1-138x300.png\" alt=\"\" width=\"60\" height=\"130\" srcset=\"https:\/\/www.fornabera.fr\/wp-content\/uploads\/2021\/02\/Image1-138x300.png 138w, https:\/\/www.fornabera.fr\/wp-content\/uploads\/2021\/02\/Image1.png 325w\" sizes=\"(max-width: 60px) 100vw, 60px\" \/><\/a>indille est une bi\u00e8re blonde l\u00e9g\u00e8re et d\u00e9salt\u00e9rante, au bon go\u00fbt de c\u00e9r\u00e9ales d&rsquo;Auvergne et \u00e0 l&rsquo;amertume fine, titrant 4,5%.<\/p>\n<p>Disponible en bouteilles de 33cl et 75cl, ainsi qu&rsquo;en f\u00fbts de 20L et 30L<\/p>\n<p>\u00a0<\/p>\n<hr \/>\n<p><a href=\"https:\/\/www.fornabera.fr\/wp-content\/uploads\/2019\/09\/Etiquette-Bi\u00e8re-Bio-La-Bonne-Graine.png\" target=\"_blank\" rel=\"noopener\"><img decoding=\"async\" loading=\"lazy\" class=\"alignleft wp-image-91 size-medium\" src=\"https:\/\/www.fornabera.fr\/wp-content\/uploads\/2019\/09\/Etiquette-Bi\u00e8re-Bio-La-Bonne-Graine-300x150.png\" alt=\"\" width=\"300\" height=\"150\" srcset=\"https:\/\/www.fornabera.fr\/wp-content\/uploads\/2019\/09\/Etiquette-Bi\u00e8re-Bio-La-Bonne-Graine-300x150.png 300w, https:\/\/www.fornabera.fr\/wp-content\/uploads\/2019\/09\/Etiquette-Bi\u00e8re-Bio-La-Bonne-Graine-768x384.png 768w, https:\/\/www.fornabera.fr\/wp-content\/uploads\/2019\/09\/Etiquette-Bi\u00e8re-Bio-La-Bonne-Graine.png 969w\" sizes=\"(max-width: 300px) 100vw, 300px\" \/><\/a><\/p>\n<p><a href=\"https:\/\/bierissima.com\/\" target=\"_blank\" rel=\"noopener\"><img decoding=\"async\" loading=\"lazy\" class=\" wp-image-153 alignright\" src=\"https:\/\/www.fornabera.fr\/wp-content\/uploads\/2021\/02\/Image2-165x300.png\" alt=\"Guide Hachette 2021\" width=\"77\" height=\"140\" srcset=\"https:\/\/www.fornabera.fr\/wp-content\/uploads\/2021\/02\/Image2-165x300.png 165w, https:\/\/www.fornabera.fr\/wp-content\/uploads\/2021\/02\/Image2.png 325w\" sizes=\"(max-width: 77px) 100vw, 77px\" \/><\/a>La Bonne-Graine est une Pale Ale dor\u00e9e brass\u00e9e avec des orges d&rsquo;Auvergne, et des houblons apportant des notes d&rsquo;agrume et une pointe d&rsquo;amertume d\u00e9salt\u00e9rante qui vient \u00e9quilibrer le caract\u00e8re malt\u00e9 de cette bi\u00e8re titrant 5.5%.<\/p>\n<p>Disponible en bouteilles de 33cl et 75cl, en f\u00fbts sur r\u00e9servation<\/p>\n<p>\u00a0<\/p>\n<hr \/>\n<p><a href=\"https:\/\/www.fornabera.fr\/wp-content\/uploads\/2019\/09\/Etiquette-Bi\u00e8re-Bio-La-Canop\u00e9e.png\"><img decoding=\"async\" loading=\"lazy\" class=\"alignleft wp-image-93 \" src=\"https:\/\/www.fornabera.fr\/wp-content\/uploads\/2019\/09\/Etiquette-Bi\u00e8re-Bio-La-Canop\u00e9e-300x150.png\" alt=\"\" width=\"306\" height=\"153\" srcset=\"https:\/\/www.fornabera.fr\/wp-content\/uploads\/2019\/09\/Etiquette-Bi\u00e8re-Bio-La-Canop\u00e9e-300x150.png 300w, https:\/\/www.fornabera.fr\/wp-content\/uploads\/2019\/09\/Etiquette-Bi\u00e8re-Bio-La-Canop\u00e9e-768x384.png 768w, https:\/\/www.fornabera.fr\/wp-content\/uploads\/2019\/09\/Etiquette-Bi\u00e8re-Bio-La-Canop\u00e9e.png 971w\" sizes=\"(max-width: 306px) 100vw, 306px\" \/><\/a><\/p>\n<p>La Canop\u00e9e est une Brown Ale \u00e0 l&rsquo;amertume d\u00e9licate et aux accents caract\u00e9ristiques d&rsquo;orge torr\u00e9fi\u00e9e, de caf\u00e9 et de cacao. Titre 5.5%.<\/p>\n<p>Disponible en bouteilles de 33cl et 75cl, ainsi qu&rsquo;en f\u00fbts de 20L et 30L<\/p>\n<p>\u00a0<\/p>\n<p>\u00a0<\/p>\n<hr \/>\n<p><a href=\"https:\/\/www.fornabera.fr\/wp-content\/uploads\/2019\/09\/Etiquette-Bi\u00e8re-Bio-La-Sorgue.png\" target=\"_blank\" rel=\"noopener\"><img decoding=\"async\" loading=\"lazy\" class=\"wp-image-94  alignleft\" src=\"https:\/\/www.fornabera.fr\/wp-content\/uploads\/2019\/09\/Etiquette-Bi\u00e8re-Bio-La-Sorgue-300x149.png\" alt=\"\" width=\"304\" height=\"151\" srcset=\"https:\/\/www.fornabera.fr\/wp-content\/uploads\/2019\/09\/Etiquette-Bi\u00e8re-Bio-La-Sorgue-300x149.png 300w, https:\/\/www.fornabera.fr\/wp-content\/uploads\/2019\/09\/Etiquette-Bi\u00e8re-Bio-La-Sorgue-768x382.png 768w, https:\/\/www.fornabera.fr\/wp-content\/uploads\/2019\/09\/Etiquette-Bi\u00e8re-Bio-La-Sorgue.png 970w\" sizes=\"(max-width: 304px) 100vw, 304px\" \/><\/a><\/p>\n<p>En ancien argot, la sorgue signifie<a href=\"https:\/\/bierissima.com\/\" target=\"_blank\" rel=\"noopener\"><img decoding=\"async\" loading=\"lazy\" class=\" wp-image-152 alignright\" src=\"https:\/\/www.fornabera.fr\/wp-content\/uploads\/2021\/02\/Image1-138x300.png\" alt=\"\" width=\"63\" height=\"137\" srcset=\"https:\/\/www.fornabera.fr\/wp-content\/uploads\/2021\/02\/Image1-138x300.png 138w, https:\/\/www.fornabera.fr\/wp-content\/uploads\/2021\/02\/Image1.png 325w\" sizes=\"(max-width: 63px) 100vw, 63px\" \/><\/a> \u00ab\u00a0la nuit\u00a0\u00bb, il n&rsquo;est donc pas \u00e9tonnant que ce Robust Porter lui emprunte\u00a0 son nom!\u00a0Cette bi\u00e8re noire ne titrant que 5% vous surprendra par ses chauds ar\u00f4mes de caf\u00e9 et de cacao, soutenus par une amertume persistante.<\/p>\n<p>Disponible en bouteilles de 33cl et 75cl &#8211; en f\u00fbt sur r\u00e9servation<\/p>\n<p><span style=\"color: #ffffff;\">.<\/span><\/p>\n<hr \/>\n<p><img decoding=\"async\" loading=\"lazy\" class=\"size-medium wp-image-157 alignleft\" src=\"https:\/\/www.fornabera.fr\/wp-content\/uploads\/2021\/02\/etiquette-Mathilde-1-300x164.png\" alt=\"Etiquette bi\u00e8re Mathilde\" width=\"300\" height=\"164\" srcset=\"https:\/\/www.fornabera.fr\/wp-content\/uploads\/2021\/02\/etiquette-Mathilde-1-300x164.png 300w, https:\/\/www.fornabera.fr\/wp-content\/uploads\/2021\/02\/etiquette-Mathilde-1-768x419.png 768w, https:\/\/www.fornabera.fr\/wp-content\/uploads\/2021\/02\/etiquette-Mathilde-1.png 960w\" sizes=\"(max-width: 300px) 100vw, 300px\" \/><\/p>\n<p>\u00ab\u00a0Mathilde\u00a0\u00bb est une session IPA, comprenez une bi\u00e8re l\u00e9g\u00e8re en alcool (3,5%) mais g\u00e9n\u00e9reusement houblonn\u00e9e. Des ar\u00f4mes de malts blonds soutenus par des notes rafraichissantes de pamplemousse et de pin, avec une amertume bien pr\u00e9sente!<\/p>\n<p>Disponible en bouteilles de 33cl et 75cl, en f\u00fbts sur r\u00e9servation<\/p>\n<p>\u00a0<\/p>\n<hr \/>\n<p><img decoding=\"async\" loading=\"lazy\" class=\"size-medium wp-image-258 alignleft\" src=\"https:\/\/www.fornabera.fr\/wp-content\/uploads\/2025\/10\/Fornabera-Kveik-IPA-300x150.png\" alt=\"Etiquette Bi\u00e8re Kveik IPA Fornabera\" width=\"300\" height=\"150\" srcset=\"https:\/\/www.fornabera.fr\/wp-content\/uploads\/2025\/10\/Fornabera-Kveik-IPA-300x150.png 300w, https:\/\/www.fornabera.fr\/wp-content\/uploads\/2025\/10\/Fornabera-Kveik-IPA-1024x512.png 1024w, https:\/\/www.fornabera.fr\/wp-content\/uploads\/2025\/10\/Fornabera-Kveik-IPA-768x384.png 768w, https:\/\/www.fornabera.fr\/wp-content\/uploads\/2025\/10\/Fornabera-Kveik-IPA.png 1280w\" sizes=\"(max-width: 300px) 100vw, 300px\" \/>Cette India Pale Ale est g\u00e9n\u00e9reusement houblonn\u00e9e, ce qui lui apporte une amertume franche et des ar\u00f4mes fruit\u00e9s. L&rsquo;utilisation d&rsquo;une levue de type Kveik renforce les notes aromatiques d&rsquo;agrumes.\u00a0 \u00a0 Alcool : 5.8% &#8211;<\/p>\n<p>Disponible en bouteilles de 33cl et 75cl et en f\u00fbts de 20L et 30L<\/p>\n<p>\u00a0<\/p>\n<hr \/><hr \/>\n<h2 class=\"block-editor-rich-text__editable block-editor-block-list__block wp-block is-selected wp-block-heading rich-text\" tabindex=\"0\" role=\"document\" contenteditable=\"true\" aria-multiline=\"true\" aria-label=\"Bloc\u00a0: Titre\" data-block=\"993cc74e-8549-4484-accb-bb4243aa3656\" data-type=\"core\/heading\" data-title=\"Titre\">Les Bi\u00e8res \u00e9ph\u00e9m\u00e8res ou de saison<\/h2>\n<hr \/>\n<p><img decoding=\"async\" loading=\"lazy\" class=\"size-medium wp-image-227 alignleft\" src=\"https:\/\/www.fornabera.fr\/wp-content\/uploads\/2023\/09\/Etiquette-Coudee-Franche-Winter-Ale-300x150.png\" alt=\"\" width=\"300\" height=\"150\" srcset=\"https:\/\/www.fornabera.fr\/wp-content\/uploads\/2023\/09\/Etiquette-Coudee-Franche-Winter-Ale-300x150.png 300w, https:\/\/www.fornabera.fr\/wp-content\/uploads\/2023\/09\/Etiquette-Coudee-Franche-Winter-Ale-1024x512.png 1024w, https:\/\/www.fornabera.fr\/wp-content\/uploads\/2023\/09\/Etiquette-Coudee-Franche-Winter-Ale-768x384.png 768w, https:\/\/www.fornabera.fr\/wp-content\/uploads\/2023\/09\/Etiquette-Coudee-Franche-Winter-Ale.png 1240w\" sizes=\"(max-width: 300px) 100vw, 300px\" \/> Cette Winter Ale ambr\u00e9e est brass\u00e9e avec des malts caramels et des malts fum\u00e9s qui apportent une douceur r\u00e9hauss\u00e9e de notes de fruits jaunes et fruits confits. Id\u00e9ale au coin du feu!<br \/>Alcool : 8%\u00a0 \u00a0 \u00a0 \u00a0Disponible en bouteilles de 33cl et 75cl<\/p>\n<p>\u00a0<\/p>\n<p>\u00a0<\/p>\n<hr \/>\n<p><img decoding=\"async\" loading=\"lazy\" class=\"size-medium wp-image-210 alignleft\" src=\"https:\/\/www.fornabera.fr\/wp-content\/uploads\/2023\/09\/Biere-Fornabera-La-Myrtille-300x153.png\" alt=\"Etiquette bi\u00e8re Bio La myrtille Brasserie Fornabera\" width=\"300\" height=\"153\" srcset=\"https:\/\/www.fornabera.fr\/wp-content\/uploads\/2023\/09\/Biere-Fornabera-La-Myrtille-300x153.png 300w, https:\/\/www.fornabera.fr\/wp-content\/uploads\/2023\/09\/Biere-Fornabera-La-Myrtille-1024x523.png 1024w, https:\/\/www.fornabera.fr\/wp-content\/uploads\/2023\/09\/Biere-Fornabera-La-Myrtille-768x392.png 768w, https:\/\/www.fornabera.fr\/wp-content\/uploads\/2023\/09\/Biere-Fornabera-La-Myrtille.png 1280w\" sizes=\"(max-width: 300px) 100vw, 300px\" \/><\/p>\n<p>Cette bi\u00e8re brass\u00e9e avec 9% de jus de myrtilles bio allie le fruit\u00e9 et l\u2019acidit\u00e9 typique de ces baies sauvages du Forez. S\u00e8che en bouche, elle est tr\u00e8s peu sucr\u00e9e.<br \/>Alcool : 4,5%<\/p>\n<p>\u00a0<\/p>\n<p>\u00a0<\/p>\n<hr \/>\n<p><img decoding=\"async\" loading=\"lazy\" class=\"size-medium wp-image-225 alignleft\" src=\"https:\/\/www.fornabera.fr\/wp-content\/uploads\/2023\/09\/24-17-Biere-de-recolte-300x153.png\" alt=\"\" width=\"300\" height=\"153\" srcset=\"https:\/\/www.fornabera.fr\/wp-content\/uploads\/2023\/09\/24-17-Biere-de-recolte-300x153.png 300w, https:\/\/www.fornabera.fr\/wp-content\/uploads\/2023\/09\/24-17-Biere-de-recolte-1024x522.png 1024w, https:\/\/www.fornabera.fr\/wp-content\/uploads\/2023\/09\/24-17-Biere-de-recolte-768x391.png 768w, https:\/\/www.fornabera.fr\/wp-content\/uploads\/2023\/09\/24-17-Biere-de-recolte.png 1183w\" sizes=\"(max-width: 300px) 100vw, 300px\" \/><\/p>\n<p>Moins de 24 heures et 17km s\u00e9parent la r\u00e9colte des fleurs de houblons de leur incorporation dans cette bi\u00e8re. Cultiv\u00e9s par la Houblonni\u00e8re Cours Cocotte, les houblons Cascade et Santium apportent leurs ar\u00f4mes frais et fruit\u00e9s \u00e0 cette bi\u00e8re de caract\u00e8re, \u00e9ph\u00e9m\u00e8re par d\u00e9finition.\u00a0 Alcool : 5%<\/p>\n<p>cette bi\u00e8re n\u2019est plus disponible! (r\u00e9colte 2021)<\/p>\n<p>\u00a0<\/p>\n<hr \/>\n<p><img decoding=\"async\" loading=\"lazy\" class=\"size-medium wp-image-158 alignleft\" src=\"https:\/\/www.fornabera.fr\/wp-content\/uploads\/2021\/02\/etiquette-Rouge-Gorge-1-300x154.png\" alt=\"Etiquette Bi\u00e8re Rouge-Gorge\" width=\"300\" height=\"154\" srcset=\"https:\/\/www.fornabera.fr\/wp-content\/uploads\/2021\/02\/etiquette-Rouge-Gorge-1-300x154.png 300w, https:\/\/www.fornabera.fr\/wp-content\/uploads\/2021\/02\/etiquette-Rouge-Gorge-1-768x395.png 768w, https:\/\/www.fornabera.fr\/wp-content\/uploads\/2021\/02\/etiquette-Rouge-Gorge-1.png 960w\" sizes=\"(max-width: 300px) 100vw, 300px\" \/><\/p>\n<p>La Rouge-Gorge est une bi\u00e8re brune aux notes de c\u00e9r\u00e9ales grill\u00e9es auxquelles viennent s\u2019ajouter les ar\u00f4mes du piment bio du Forez qui est ajout\u00e9 lors de la fabrication. Alcool : 5%<\/p>\n<p>cette bi\u00e8re n\u2019est plus disponible! (2019\/2022)<\/p>\n<h2 class=\"block-editor-rich-text__editable block-editor-block-list__block wp-block is-selected wp-block-heading rich-text\" tabindex=\"0\" role=\"document\" contenteditable=\"true\" aria-multiline=\"true\" aria-label=\"Bloc\u00a0: Titre\" data-block=\"993cc74e-8549-4484-accb-bb4243aa3656\" data-type=\"core\/heading\" data-title=\"Titre\">\u00a0<\/h2>\n<p>\u00a0<\/p>\n\n\n<hr class=\"wp-block-separator has-alpha-channel-opacity\"\/>\n\n\n\n<p> <\/p>\n","protected":false},"excerpt":{"rendered":"<p>La Brindille est une bi\u00e8re blonde l\u00e9g\u00e8re et d\u00e9salt\u00e9rante, au bon go\u00fbt de c\u00e9r\u00e9ales d&rsquo;Auvergne et \u00e0 l&rsquo;amertume fine, titrant 4,5%. Disponible en bouteilles de 33cl et 75cl, ainsi qu&rsquo;en f\u00fbts de 20L et 30L \u00a0 La Bonne-Graine est une Pale Ale dor\u00e9e brass\u00e9e avec des orges d&rsquo;Auvergne, et des houblons apportant des notes d&rsquo;agrume&hellip;<\/p>\n","protected":false},"author":1,"featured_media":74,"parent":0,"menu_order":0,"comment_status":"closed","ping_status":"closed","template":"","meta":[],"_links":{"self":[{"href":"https:\/\/www.fornabera.fr\/index.php\/wp-json\/wp\/v2\/pages\/10"}],"collection":[{"href":"https:\/\/www.fornabera.fr\/index.php\/wp-json\/wp\/v2\/pages"}],"about":[{"href":"https:\/\/www.fornabera.fr\/index.php\/wp-json\/wp\/v2\/types\/page"}],"author":[{"embeddable":true,"href":"https:\/\/www.fornabera.fr\/index.php\/wp-json\/wp\/v2\/users\/1"}],"replies":[{"embeddable":true,"href":"https:\/\/www.fornabera.fr\/index.php\/wp-json\/wp\/v2\/comments?post=10"}],"version-history":[{"count":33,"href":"https:\/\/www.fornabera.fr\/index.php\/wp-json\/wp\/v2\/pages\/10\/revisions"}],"predecessor-version":[{"id":260,"href":"https:\/\/www.fornabera.fr\/index.php\/wp-json\/wp\/v2\/pages\/10\/revisions\/260"}],"wp:featuredmedia":[{"embeddable":true,"href":"https:\/\/www.fornabera.fr\/index.php\/wp-json\/wp\/v2\/media\/74"}],"wp:attachment":[{"href":"https:\/\/www.fornabera.fr\/index.php\/wp-json\/wp\/v2\/media?parent=10"}],"curies":[{"name":"wp","href":"https:\/\/api.w.org\/{rel}","templated":true}]}}